{"id":480,"date":"2025-03-13T17:24:04","date_gmt":"2025-03-13T17:24:04","guid":{"rendered":"https:\/\/montessorivillarosita.org\/?page_id=480"},"modified":"2025-05-07T07:56:37","modified_gmt":"2025-05-07T07:56:37","slug":"valores-y-mision","status":"publish","type":"page","link":"https:\/\/montessorivillarosita.org\/en\/valores-y-mision\/","title":{"rendered":"Valores y misi\u00f3n"},"content":{"rendered":"<style>.elementor-480 .elementor-element.elementor-element-27e2e289 > .elementor-container{max-width:1290px;}.elementor-480 .elementor-element.elementor-element-27e2e289 > .elementor-container > .elementor-column > .elementor-widget-wrap{align-content:center;align-items:center;}.elementor-480 .elementor-element.elementor-element-27e2e289:not(.elementor-motion-effects-element-type-background), .elementor-480 .elementor-element.elementor-element-27e2e289 > .elementor-motion-effects-container > .elementor-motion-effects-layer{background-image:url(\"https:\/\/montessorivillarosita.org\/wp-content\/uploads\/2025\/03\/WhatsApp-Image-2023-01-05-at-20.12.38.jpeg\");background-position:0px 60%;background-repeat:no-repeat;background-size:cover;}.elementor-480 .elementor-element.elementor-element-27e2e289 > .elementor-background-overlay{background-color:#010035;background-image:url(\"https:\/\/montessorivillarosita.org\/wp-content\/uploads\/2025\/03\/Background-arizon.png\");background-position:center center;background-repeat:no-repeat;background-size:contain;opacity:0.5;transition:background 0.3s, border-radius 0.3s, opacity 0.3s;}.elementor-480 .elementor-element.elementor-element-27e2e289{transition:background 0.3s, border 0.3s, border-radius 0.3s, box-shadow 0.3s;margin-top:-150px;margin-bottom:0px;padding:320px 0px 80px 0px;}.elementor-480 .elementor-element.elementor-element-2f89c72 > .elementor-element-populated{transition:background 0.3s, border 0.3s, border-radius 0.3s, box-shadow 0.3s;}.elementor-480 .elementor-element.elementor-element-2f89c72 > .elementor-element-populated > .elementor-background-overlay{transition:background 0.3s, border-radius 0.3s, opacity 0.3s;}.elementor-480 .elementor-element.elementor-element-36178593{text-align:start;}.elementor-480 .elementor-element.elementor-element-36178593 .elementor-heading-title{font-family:\"Cormorant\", Sans-serif;font-size:71px;font-weight:900;text-transform:uppercase;line-height:1em;color:#FFFFFF;}.elementor-480 .elementor-element.elementor-element-36178593 > .elementor-widget-container{margin:-15px 0px -15px 0px;}.elementor-480 .elementor-element.elementor-element-6d343c01{--display:flex;--flex-direction:column;--container-widget-width:100%;--container-widget-height:initial;--container-widget-flex-grow:0;--container-widget-align-self:initial;--flex-wrap-mobile:wrap;--padding-top:50px;--padding-bottom:50px;--padding-left:0px;--padding-right:0px;}.elementor-480 .elementor-element.elementor-element-6d343c01:not(.elementor-motion-effects-element-type-background), .elementor-480 .elementor-element.elementor-element-6d343c01 > .elementor-motion-effects-container > .elementor-motion-effects-layer{background-color:var( --e-global-color-primary );}.elementor-480 .elementor-element.elementor-element-12b75d22{--display:flex;--flex-direction:row;--container-widget-width:calc( ( 1 - var( --container-widget-flex-grow ) ) * 100% );--container-widget-height:100%;--container-widget-flex-grow:1;--container-widget-align-self:stretch;--flex-wrap-mobile:wrap;--align-items:center;--flex-wrap:nowrap;--margin-top:25px;--margin-bottom:0px;--margin-left:0px;--margin-right:0px;}.elementor-480 .elementor-element.elementor-element-f373c86{--display:flex;}.elementor-480 .elementor-element.elementor-element-26b00baf .elementor-heading-title{font-size:35px;color:var( --e-global-color-c2f8c2a );}.elementor-480 .elementor-element.elementor-element-dbdab87{text-align:justify;font-size:17px;line-height:31px;color:var( --e-global-color-c2f8c2a );}.elementor-480 .elementor-element.elementor-element-1be85a18{--display:flex;}.elementor-480 .elementor-element.elementor-element-b921607{--display:flex;--flex-direction:row;--container-widget-width:calc( ( 1 - var( --container-widget-flex-grow ) ) * 100% );--container-widget-height:100%;--container-widget-flex-grow:1;--container-widget-align-self:stretch;--flex-wrap-mobile:wrap;--align-items:center;--flex-wrap:nowrap;--margin-top:25px;--margin-bottom:0px;--margin-left:0px;--margin-right:0px;}.elementor-480 .elementor-element.elementor-element-ecc0c07{text-align:justify;font-size:17px;line-height:31px;color:var( --e-global-color-c2f8c2a );}.elementor-480 .elementor-element.elementor-element-1881a3f7{--display:flex;--flex-direction:row;--container-widget-width:calc( ( 1 - var( --container-widget-flex-grow ) ) * 100% );--container-widget-height:100%;--container-widget-flex-grow:1;--container-widget-align-self:stretch;--flex-wrap-mobile:wrap;--align-items:center;--flex-wrap:nowrap;--margin-top:25px;--margin-bottom:0px;--margin-left:0px;--margin-right:0px;}.elementor-480 .elementor-element.elementor-element-6ed1c9f9{--display:flex;}.elementor-480 .elementor-element.elementor-element-75dab5a0{--display:flex;}.elementor-480 .elementor-element.elementor-element-bb645a9 .elementor-heading-title{font-size:35px;color:var( --e-global-color-c2f8c2a );}.elementor-480 .elementor-element.elementor-element-599830fe{text-align:justify;font-size:17px;line-height:31px;color:var( --e-global-color-c2f8c2a );}.elementor-480 .elementor-element.elementor-element-07457ed{--display:flex;--flex-direction:row;--container-widget-width:calc( ( 1 - var( --container-widget-flex-grow ) ) * 100% );--container-widget-height:100%;--container-widget-flex-grow:1;--container-widget-align-self:stretch;--flex-wrap-mobile:wrap;--align-items:center;--flex-wrap:nowrap;--margin-top:25px;--margin-bottom:0px;--margin-left:0px;--margin-right:0px;}.elementor-480 .elementor-element.elementor-element-5a05fc0{text-align:justify;font-size:17px;line-height:31px;color:var( --e-global-color-c2f8c2a );}:root{--page-title-display:none;}@media(min-width:768px){.elementor-480 .elementor-element.elementor-element-f373c86{--width:50%;}.elementor-480 .elementor-element.elementor-element-1be85a18{--width:50%;}.elementor-480 .elementor-element.elementor-element-6ed1c9f9{--width:50%;}.elementor-480 .elementor-element.elementor-element-75dab5a0{--width:50%;}}@media(max-width:1024px){.elementor-480 .elementor-element.elementor-element-27e2e289:not(.elementor-motion-effects-element-type-background), .elementor-480 .elementor-element.elementor-element-27e2e289 > .elementor-motion-effects-container > .elementor-motion-effects-layer{background-position:0px 0px;}.elementor-480 .elementor-element.elementor-element-27e2e289{margin-top:-140px;margin-bottom:0px;padding:35% 0% 5% 0%;}.elementor-480 .elementor-element.elementor-element-2f89c72 > .elementor-element-populated{margin:0px 10px 0px 10px;--e-column-margin-right:10px;--e-column-margin-left:10px;}.elementor-480 .elementor-element.elementor-element-36178593 .elementor-heading-title{font-size:80px;}.elementor-480 .elementor-element.elementor-element-12b75d22{--flex-direction:column;--container-widget-width:100%;--container-widget-height:initial;--container-widget-flex-grow:0;--container-widget-align-self:initial;--flex-wrap-mobile:wrap;}.elementor-480 .elementor-element.elementor-element-f373c86.e-con{--order:99999 \/* order end hack *\/;}.elementor-480 .elementor-element.elementor-element-b921607{--margin-top:0px;--margin-bottom:0px;--margin-left:0px;--margin-right:0px;}.elementor-480 .elementor-element.elementor-element-1881a3f7{--flex-direction:column;--container-widget-width:100%;--container-widget-height:initial;--container-widget-flex-grow:0;--container-widget-align-self:initial;--flex-wrap-mobile:wrap;}.elementor-480 .elementor-element.elementor-element-07457ed{--margin-top:0px;--margin-bottom:0px;--margin-left:0px;--margin-right:0px;}}@media(max-width:767px){.elementor-480 .elementor-element.elementor-element-27e2e289:not(.elementor-motion-effects-element-type-background), .elementor-480 .elementor-element.elementor-element-27e2e289 > .elementor-motion-effects-container > .elementor-motion-effects-layer{background-position:0px 0px;}.elementor-480 .elementor-element.elementor-element-27e2e289{margin-top:-95px;margin-bottom:0px;padding:50% 0% 10% 0%;}.elementor-480 .elementor-element.elementor-element-2f89c72 > .elementor-element-populated{margin:0px 5px 0px 5px;--e-column-margin-right:5px;--e-column-margin-left:5px;}.elementor-480 .elementor-element.elementor-element-36178593{text-align:start;}.elementor-480 .elementor-element.elementor-element-36178593 .elementor-heading-title{font-size:50px;}.elementor-480 .elementor-element.elementor-element-b921607{--content-width:95%;--margin-top:0px;--margin-bottom:0px;--margin-left:0px;--margin-right:0px;}.elementor-480 .elementor-element.elementor-element-07457ed{--content-width:95%;}}@media(max-width:1024px) and (min-width:768px){.elementor-480 .elementor-element.elementor-element-2f89c72{width:100%;}.elementor-480 .elementor-element.elementor-element-f373c86{--width:75%;}.elementor-480 .elementor-element.elementor-element-1be85a18{--width:75%;}.elementor-480 .elementor-element.elementor-element-b921607{--content-width:75%;}.elementor-480 .elementor-element.elementor-element-6ed1c9f9{--width:75%;}.elementor-480 .elementor-element.elementor-element-75dab5a0{--width:75%;}.elementor-480 .elementor-element.elementor-element-07457ed{--content-width:75%;}}<\/style>\t\t<div data-elementor-type=\"wp-page\" data-elementor-id=\"480\" class=\"elementor elementor-480\" data-elementor-post-type=\"page\">\n\t\t\t\t\t\t<section class=\"elementor-section elementor-top-section elementor-element elementor-element-27e2e289 elementor-section-content-middle elementor-section-boxed elementor-section-height-default elementor-section-height-default\" data-id=\"27e2e289\" data-element_type=\"section\" data-e-type=\"section\" data-settings=\"{&quot;background_background&quot;:&quot;classic&quot;}\">\n\t\t\t\t\t\t\t<div class=\"elementor-background-overlay\"><\/div>\n\t\t\t\t\t\t\t<div class=\"elementor-container elementor-column-gap-default\">\n\t\t\t\t\t<div class=\"elementor-column elementor-col-100 elementor-top-column elementor-element elementor-element-2f89c72\" data-id=\"2f89c72\" data-element_type=\"column\" data-e-type=\"column\" data-settings=\"{&quot;background_background&quot;:&quot;classic&quot;}\">\n\t\t\t<div class=\"elementor-widget-wrap elementor-element-populated\">\n\t\t\t\t\t\t<div class=\"elementor-element elementor-element-36178593 elementor-widget elementor-widget-heading\" data-id=\"36178593\" data-element_type=\"widget\" data-e-type=\"widget\" data-widget_type=\"heading.default\">\n\t\t\t\t<div class=\"elementor-widget-container\">\n\t\t\t\t\t<h1 class=\"elementor-heading-title elementor-size-default\">Values and Mission<\/h1>\t\t\t\t<\/div>\n\t\t\t\t<\/div>\n\t\t\t\t\t<\/div>\n\t\t<\/div>\n\t\t\t\t\t<\/div>\n\t\t<\/section>\n\t\t<div class=\"elementor-element elementor-element-6d343c01 e-flex e-con-boxed e-con e-parent\" data-id=\"6d343c01\" data-element_type=\"container\" data-e-type=\"container\" data-settings=\"{&quot;background_background&quot;:&quot;classic&quot;}\">\n\t\t\t\t\t<div class=\"e-con-inner\">\n\t\t<div class=\"elementor-element elementor-element-12b75d22 e-con-full e-flex e-con e-child\" data-id=\"12b75d22\" data-element_type=\"container\" data-e-type=\"container\">\n\t\t<div class=\"elementor-element elementor-element-f373c86 e-con-full e-flex e-con e-child\" data-id=\"f373c86\" data-element_type=\"container\" data-e-type=\"container\">\n\t\t\t\t<div class=\"elementor-element elementor-element-26b00baf elementor-widget elementor-widget-heading\" data-id=\"26b00baf\" data-element_type=\"widget\" data-e-type=\"widget\" data-widget_type=\"heading.default\">\n\t\t\t\t<div class=\"elementor-widget-container\">\n\t\t\t\t\t<h2 class=\"elementor-heading-title elementor-size-default\">Values<\/h2>\t\t\t\t<\/div>\n\t\t\t\t<\/div>\n\t\t\t\t<div class=\"elementor-element elementor-element-dbdab87 elementor-widget elementor-widget-text-editor\" data-id=\"dbdab87\" data-element_type=\"widget\" data-e-type=\"widget\" data-widget_type=\"text-editor.default\">\n\t\t\t\t<div class=\"elementor-widget-container\">\n\t\t\t\t\t\t\t\t\tThe school will guarantee respect of fundamental rights and freedoms and offer education in equal rights and opportunities to all the members of is community. It will also cultivate the acquisition of values \u200b\u200bthat promote respect for living beings and the environment, in particular the value of natural spaces and sustainable development.<\/p>\n\nThe school is committed to the Montessori philosophy in seeking the full development of the personality and skills of all its students. The students are committed to their own learning process to become active, engaged, and self-regulated life-long learners.\t\t\t\t\t\t\t\t<\/div>\n\t\t\t\t<\/div>\n\t\t\t\t<\/div>\n\t\t<div class=\"elementor-element elementor-element-1be85a18 e-con-full e-flex e-con e-child\" data-id=\"1be85a18\" data-element_type=\"container\" data-e-type=\"container\">\n\t\t\t\t<div class=\"elementor-element elementor-element-3ca94d54 elementor-widget elementor-widget-image\" data-id=\"3ca94d54\" data-element_type=\"widget\" data-e-type=\"widget\" data-widget_type=\"image.default\">\n\t\t\t\t<div class=\"elementor-widget-container\">\n\t\t\t\t\t\t\t\t\t\t\t\t\t\t\t<img decoding=\"async\" src=\"https:\/\/montessorivillarosita.org\/wp-content\/uploads\/elementor\/thumbs\/Montessori-Villa-Rosita-nina-2_ig-r3hiadq62werlm7ykjtg5co3pkka8efnleq2g3ronc.jpg\" title=\"Montessori Villa Rosita-ni\u00f1a-2_ig\" alt=\"Montessori Villa Rosita-ni\u00f1a-2_ig\" loading=\"lazy\" \/>\t\t\t\t\t\t\t\t\t\t\t\t\t\t\t<\/div>\n\t\t\t\t<\/div>\n\t\t\t\t<\/div>\n\t\t\t\t<\/div>\n\t\t<div class=\"elementor-element elementor-element-b921607 e-flex e-con-boxed e-con e-child\" data-id=\"b921607\" data-element_type=\"container\" data-e-type=\"container\">\n\t\t\t\t\t<div class=\"e-con-inner\">\n\t\t\t\t<div class=\"elementor-element elementor-element-ecc0c07 elementor-widget elementor-widget-text-editor\" data-id=\"ecc0c07\" data-element_type=\"widget\" data-e-type=\"widget\" data-widget_type=\"text-editor.default\">\n\t\t\t\t<div class=\"elementor-widget-container\">\n\t\t\t\t\t\t\t\t\t<p class=\"font_9 wixui-rich-text__text\"><span class=\"wixui-rich-text__text\"><span class=\"color_36 wixui-rich-text__text\">The school is conceived as a social and educational community, in which the participation of staff, students, parents, and the local community is encouraged. The program offers explicit opportunities for social and intellectual interaction and growth.<\/span><\/span><\/p><p class=\"font_9 wixui-rich-text__text\"><span class=\"wixui-rich-text__text\"><span class=\"color_36 wixui-rich-text__text\">The school will cultivate positive, healthy, cooperative values to strengthen solidarity among peoples. All constituents will be encouraged to work together to achieve common goals as well as processing and working out problems and disagreements.<\/span><\/span><\/p>\t\t\t\t\t\t\t\t<\/div>\n\t\t\t\t<\/div>\n\t\t\t\t\t<\/div>\n\t\t\t\t<\/div>\n\t\t<div class=\"elementor-element elementor-element-1881a3f7 e-con-full e-flex e-con e-child\" data-id=\"1881a3f7\" data-element_type=\"container\" data-e-type=\"container\">\n\t\t<div class=\"elementor-element elementor-element-6ed1c9f9 e-con-full e-flex e-con e-child\" data-id=\"6ed1c9f9\" data-element_type=\"container\" data-e-type=\"container\">\n\t\t\t\t<div class=\"elementor-element elementor-element-710300e7 elementor-widget elementor-widget-image\" data-id=\"710300e7\" data-element_type=\"widget\" data-e-type=\"widget\" data-widget_type=\"image.default\">\n\t\t\t\t<div class=\"elementor-widget-container\">\n\t\t\t\t\t\t\t\t\t\t\t\t\t\t\t<img fetchpriority=\"high\" decoding=\"async\" width=\"800\" height=\"600\" src=\"https:\/\/montessorivillarosita.org\/wp-content\/uploads\/2025\/04\/Montessori-Villa-Rosita-exterior-6_web-1024x768.jpg\" class=\"attachment-large size-large wp-image-705\" alt=\"\" srcset=\"https:\/\/montessorivillarosita.org\/wp-content\/uploads\/2025\/04\/Montessori-Villa-Rosita-exterior-6_web-1024x768.jpg 1024w, https:\/\/montessorivillarosita.org\/wp-content\/uploads\/2025\/04\/Montessori-Villa-Rosita-exterior-6_web-300x225.jpg 300w, https:\/\/montessorivillarosita.org\/wp-content\/uploads\/2025\/04\/Montessori-Villa-Rosita-exterior-6_web-768x576.jpg 768w, https:\/\/montessorivillarosita.org\/wp-content\/uploads\/2025\/04\/Montessori-Villa-Rosita-exterior-6_web-1536x1152.jpg 1536w, https:\/\/montessorivillarosita.org\/wp-content\/uploads\/2025\/04\/Montessori-Villa-Rosita-exterior-6_web-16x12.jpg 16w, https:\/\/montessorivillarosita.org\/wp-content\/uploads\/2025\/04\/Montessori-Villa-Rosita-exterior-6_web.jpg 1600w\" sizes=\"(max-width: 800px) 100vw, 800px\" \/>\t\t\t\t\t\t\t\t\t\t\t\t\t\t\t<\/div>\n\t\t\t\t<\/div>\n\t\t\t\t<\/div>\n\t\t<div class=\"elementor-element elementor-element-75dab5a0 e-con-full e-flex e-con e-child\" data-id=\"75dab5a0\" data-element_type=\"container\" data-e-type=\"container\">\n\t\t\t\t<div class=\"elementor-element elementor-element-bb645a9 elementor-widget elementor-widget-heading\" data-id=\"bb645a9\" data-element_type=\"widget\" data-e-type=\"widget\" data-widget_type=\"heading.default\">\n\t\t\t\t<div class=\"elementor-widget-container\">\n\t\t\t\t\t<h2 class=\"elementor-heading-title elementor-size-default\">Mission statement<\/h2>\t\t\t\t<\/div>\n\t\t\t\t<\/div>\n\t\t\t\t<div class=\"elementor-element elementor-element-599830fe elementor-widget elementor-widget-text-editor\" data-id=\"599830fe\" data-element_type=\"widget\" data-e-type=\"widget\" data-widget_type=\"text-editor.default\">\n\t\t\t\t<div class=\"elementor-widget-container\">\n\t\t\t\t\t\t\t\t\t<p class=\"font_9 wixui-rich-text__text\"><span class=\"wixui-rich-text__text\"><span class=\"color_36 wixui-rich-text__text\">Montessori Villa Rosita offers an authentic Montessori experience that nurtures and provides adolescents with the opportunity to become independent, self-regulated and motivated life-long learners.<\/span><\/span><\/p><p class=\"font_9 wixui-rich-text__text\"><span class=\"wixui-rich-text__text\"><span class=\"color_36 wixui-rich-text__text\">We provide a comprehensive curriculum for grades 7 -10 that adheres to the international standards set by Maria Montessori for secondary education.<\/span><\/span><\/p><p class=\"font_9 wixui-rich-text__text\">\u00a0<\/p>\t\t\t\t\t\t\t\t<\/div>\n\t\t\t\t<\/div>\n\t\t\t\t<\/div>\n\t\t\t\t<\/div>\n\t\t<div class=\"elementor-element elementor-element-07457ed e-flex e-con-boxed e-con e-child\" data-id=\"07457ed\" data-element_type=\"container\" data-e-type=\"container\">\n\t\t\t\t\t<div class=\"e-con-inner\">\n\t\t\t\t<div class=\"elementor-element elementor-element-5a05fc0 elementor-widget elementor-widget-text-editor\" data-id=\"5a05fc0\" data-element_type=\"widget\" data-e-type=\"widget\" data-widget_type=\"text-editor.default\">\n\t\t\t\t<div class=\"elementor-widget-container\">\n\t\t\t\t\t\t\t\t\t<p class=\"font_9 wixui-rich-text__text\"><span class=\"wixui-rich-text__text\"><span class=\"color_36 wixui-rich-text__text\"><span class=\"wixGuard wixui-rich-text__text\">As a bilingual international school located in Torrelodones, the school environment is inherently culturally diverse.  We give a person-centered approach serving each student according to their individual, personal, social and emotional characteristics and needs and offering a prepared environment where learning occurs in an interdisciplinary and cooperative way.\u00a0<\/span><\/span><\/span><\/p>\t\t\t\t\t\t\t\t<\/div>\n\t\t\t\t<\/div>\n\t\t\t\t\t<\/div>\n\t\t\t\t<\/div>\n\t\t\t\t\t<\/div>\n\t\t\t\t<\/div>\n\t\t\t\t<\/div>","protected":false},"excerpt":{"rendered":"<p>VALORES Y MISI\u00d3N Valores La escuela garantiza el respeto a los derechos y libertades fundamentales\u00a0y ofrecer\u00e1 educaci\u00f3n en igualdad de derechos y oportunidades a todos los miembros de su comunidad. Cultivar\u00e1 tambi\u00e9n la adquisici\u00f3n de valores que promuevan el respeto por los seres vivos y el medio ambiente, en particular el valor de los espacios [&hellip;]<\/p>","protected":false},"author":2,"featured_media":0,"parent":0,"menu_order":0,"comment_status":"closed","ping_status":"closed","template":"","meta":{"footnotes":""},"class_list":["post-480","page","type-page","status-publish","hentry"],"_links":{"self":[{"href":"https:\/\/montessorivillarosita.org\/en\/wp-json\/wp\/v2\/pages\/480","targetHints":{"allow":["GET"]}}],"collection":[{"href":"https:\/\/montessorivillarosita.org\/en\/wp-json\/wp\/v2\/pages"}],"about":[{"href":"https:\/\/montessorivillarosita.org\/en\/wp-json\/wp\/v2\/types\/page"}],"author":[{"embeddable":true,"href":"https:\/\/montessorivillarosita.org\/en\/wp-json\/wp\/v2\/users\/2"}],"replies":[{"embeddable":true,"href":"https:\/\/montessorivillarosita.org\/en\/wp-json\/wp\/v2\/comments?post=480"}],"version-history":[{"count":44,"href":"https:\/\/montessorivillarosita.org\/en\/wp-json\/wp\/v2\/pages\/480\/revisions"}],"predecessor-version":[{"id":951,"href":"https:\/\/montessorivillarosita.org\/en\/wp-json\/wp\/v2\/pages\/480\/revisions\/951"}],"wp:attachment":[{"href":"https:\/\/montessorivillarosita.org\/en\/wp-json\/wp\/v2\/media?parent=480"}],"curies":[{"name":"wp","href":"https:\/\/api.w.org\/{rel}","templated":true}]}}