{"id":435,"date":"2025-03-13T16:49:32","date_gmt":"2025-03-13T16:49:32","guid":{"rendered":"https:\/\/montessorivillarosita.org\/?page_id=435"},"modified":"2025-05-05T10:53:47","modified_gmt":"2025-05-05T10:53:47","slug":"sobre-nosotros","status":"publish","type":"page","link":"https:\/\/montessorivillarosita.org\/en\/sobre-nosotros\/","title":{"rendered":"About us"},"content":{"rendered":"<style>.elementor-435 .elementor-element.elementor-element-1cf3909e > .elementor-container{max-width:1290px;}.elementor-435 .elementor-element.elementor-element-1cf3909e > .elementor-container > .elementor-column > .elementor-widget-wrap{align-content:center;align-items:center;}.elementor-435 .elementor-element.elementor-element-1cf3909e:not(.elementor-motion-effects-element-type-background), .elementor-435 .elementor-element.elementor-element-1cf3909e > .elementor-motion-effects-container > .elementor-motion-effects-layer{background-image:url(\"https:\/\/montessorivillarosita.org\/wp-content\/uploads\/2025\/03\/WhatsApp-Image-2023-03-20-at-16.41.54.jpeg\");background-position:center center;background-repeat:no-repeat;background-size:cover;}.elementor-435 .elementor-element.elementor-element-1cf3909e > .elementor-background-overlay{background-color:#010035;background-image:url(\"https:\/\/montessorivillarosita.org\/wp-content\/uploads\/2025\/03\/Background-arizon.png\");background-position:center center;background-repeat:no-repeat;background-size:contain;opacity:0.5;transition:background 0.3s, border-radius 0.3s, opacity 0.3s;}.elementor-435 .elementor-element.elementor-element-1cf3909e{transition:background 0.3s, border 0.3s, border-radius 0.3s, box-shadow 0.3s;margin-top:-150px;margin-bottom:0px;padding:320px 0px 80px 0px;}.elementor-435 .elementor-element.elementor-element-8ae9a03 > .elementor-element-populated{transition:background 0.3s, border 0.3s, border-radius 0.3s, box-shadow 0.3s;}.elementor-435 .elementor-element.elementor-element-8ae9a03 > .elementor-element-populated > .elementor-background-overlay{transition:background 0.3s, border-radius 0.3s, opacity 0.3s;}.elementor-435 .elementor-element.elementor-element-7a49a1de{text-align:start;}.elementor-435 .elementor-element.elementor-element-7a49a1de .elementor-heading-title{font-family:\"Cormorant\", Sans-serif;font-size:71px;font-weight:900;text-transform:uppercase;line-height:1em;color:#FFFFFF;}.elementor-435 .elementor-element.elementor-element-7a49a1de > .elementor-widget-container{margin:-15px 0px -15px 0px;}.elementor-435 .elementor-element.elementor-element-549bd6ea{--display:flex;--flex-direction:row;--container-widget-width:calc( ( 1 - var( --container-widget-flex-grow ) ) * 100% );--container-widget-height:100%;--container-widget-flex-grow:1;--container-widget-align-self:stretch;--flex-wrap-mobile:wrap;--align-items:center;--gap:0px 0px;--row-gap:0px;--column-gap:0px;--margin-top:0px;--margin-bottom:0px;--margin-left:0px;--margin-right:0px;--padding-top:50px;--padding-bottom:50px;--padding-left:0px;--padding-right:0px;}.elementor-435 .elementor-element.elementor-element-3a6cd4a7{--display:flex;--flex-direction:column;--container-widget-width:100%;--container-widget-height:initial;--container-widget-flex-grow:0;--container-widget-align-self:initial;--flex-wrap-mobile:wrap;}.elementor-435 .elementor-element.elementor-element-4b30d5fc .elementor-heading-title{font-size:40px;}.elementor-435 .elementor-element.elementor-element-45ef4b86{font-size:17px;}.elementor-435 .elementor-element.elementor-element-65ec3b3c{--display:flex;--flex-direction:column;--container-widget-width:100%;--container-widget-height:initial;--container-widget-flex-grow:0;--container-widget-align-self:initial;--flex-wrap-mobile:wrap;}.elementor-435 .elementor-element.elementor-element-7869c13c img{width:100%;height:500px;object-fit:contain;object-position:center center;}.elementor-435 .elementor-element.elementor-element-7672642a > .elementor-container{max-width:1290px;}.elementor-435 .elementor-element.elementor-element-7672642a:not(.elementor-motion-effects-element-type-background), .elementor-435 .elementor-element.elementor-element-7672642a > .elementor-motion-effects-container > .elementor-motion-effects-layer{background-image:url(\"https:\/\/montessorivillarosita.org\/wp-content\/uploads\/2025\/03\/Montessori-Villa-Rosita-3_ig.jpg\");background-position:center center;background-repeat:no-repeat;background-size:cover;}.elementor-435 .elementor-element.elementor-element-7672642a{transition:background 0.3s, border 0.3s, border-radius 0.3s, box-shadow 0.3s;padding:100px 0px 100px 0px;}.elementor-435 .elementor-element.elementor-element-7672642a > .elementor-background-overlay{transition:background 0.3s, border-radius 0.3s, opacity 0.3s;}.elementor-435 .elementor-element.elementor-element-3e041c25{--spacer-size:361px;}:root{--page-title-display:none;}@media(min-width:768px){.elementor-435 .elementor-element.elementor-element-3a6cd4a7{--width:50%;}.elementor-435 .elementor-element.elementor-element-65ec3b3c{--width:51%;}}@media(max-width:1024px){.elementor-435 .elementor-element.elementor-element-1cf3909e{margin-top:-140px;margin-bottom:0px;padding:35% 0% 5% 0%;}.elementor-435 .elementor-element.elementor-element-8ae9a03 > .elementor-element-populated{margin:0px 10px 0px 10px;--e-column-margin-right:10px;--e-column-margin-left:10px;}.elementor-435 .elementor-element.elementor-element-7a49a1de .elementor-heading-title{font-size:80px;}.elementor-435 .elementor-element.elementor-element-7672642a{padding:80px 0px 80px 0px;}}@media(max-width:767px){.elementor-435 .elementor-element.elementor-element-1cf3909e{margin-top:-95px;margin-bottom:0px;padding:50% 0% 10% 0%;}.elementor-435 .elementor-element.elementor-element-8ae9a03 > .elementor-element-populated{margin:0px 5px 0px 5px;--e-column-margin-right:5px;--e-column-margin-left:5px;}.elementor-435 .elementor-element.elementor-element-7a49a1de{text-align:start;}.elementor-435 .elementor-element.elementor-element-7a49a1de .elementor-heading-title{font-size:50px;}.elementor-435 .elementor-element.elementor-element-45ef4b86{text-align:justify;}.elementor-435 .elementor-element.elementor-element-7672642a{padding:50px 0px 50px 0px;}}@media(max-width:1024px) and (min-width:768px){.elementor-435 .elementor-element.elementor-element-8ae9a03{width:100%;}}<\/style>\t\t<div data-elementor-type=\"wp-page\" data-elementor-id=\"435\" class=\"elementor elementor-435\" data-elementor-post-type=\"page\">\n\t\t\t\t\t\t<section class=\"elementor-section elementor-top-section elementor-element elementor-element-1cf3909e elementor-section-content-middle elementor-section-boxed elementor-section-height-default elementor-section-height-default\" data-id=\"1cf3909e\" data-element_type=\"section\" data-e-type=\"section\" data-settings=\"{&quot;background_background&quot;:&quot;classic&quot;}\">\n\t\t\t\t\t\t\t<div class=\"elementor-background-overlay\"><\/div>\n\t\t\t\t\t\t\t<div class=\"elementor-container elementor-column-gap-default\">\n\t\t\t\t\t<div class=\"elementor-column elementor-col-100 elementor-top-column elementor-element elementor-element-8ae9a03\" data-id=\"8ae9a03\" data-element_type=\"column\" data-e-type=\"column\" data-settings=\"{&quot;background_background&quot;:&quot;classic&quot;}\">\n\t\t\t<div class=\"elementor-widget-wrap elementor-element-populated\">\n\t\t\t\t\t\t<div class=\"elementor-element elementor-element-7a49a1de elementor-widget elementor-widget-heading\" data-id=\"7a49a1de\" data-element_type=\"widget\" data-e-type=\"widget\" data-widget_type=\"heading.default\">\n\t\t\t\t<div class=\"elementor-widget-container\">\n\t\t\t\t\t<h1 class=\"elementor-heading-title elementor-size-default\">ABOUT US<\/h1>\t\t\t\t<\/div>\n\t\t\t\t<\/div>\n\t\t\t\t\t<\/div>\n\t\t<\/div>\n\t\t\t\t\t<\/div>\n\t\t<\/section>\n\t\t<div class=\"elementor-element elementor-element-549bd6ea e-flex e-con-boxed e-con e-parent\" data-id=\"549bd6ea\" data-element_type=\"container\" data-e-type=\"container\">\n\t\t\t\t\t<div class=\"e-con-inner\">\n\t\t<div class=\"elementor-element elementor-element-3a6cd4a7 e-con-full e-flex e-con e-child\" data-id=\"3a6cd4a7\" data-element_type=\"container\" data-e-type=\"container\">\n\t\t\t\t<div class=\"elementor-element elementor-element-4b30d5fc elementor-widget elementor-widget-heading\" data-id=\"4b30d5fc\" data-element_type=\"widget\" data-e-type=\"widget\" data-widget_type=\"heading.default\">\n\t\t\t\t<div class=\"elementor-widget-container\">\n\t\t\t\t\t<h2 class=\"elementor-heading-title elementor-size-default\">Head of School<\/h2>\t\t\t\t<\/div>\n\t\t\t\t<\/div>\n\t\t\t\t<div class=\"elementor-element elementor-element-45ef4b86 elementor-widget elementor-widget-text-editor\" data-id=\"45ef4b86\" data-element_type=\"widget\" data-e-type=\"widget\" data-widget_type=\"text-editor.default\">\n\t\t\t\t<div class=\"elementor-widget-container\">\n\t\t\t\t\t\t\t\t\t<p class=\"font_8 wixui-rich-text__text\">Katrin Vanhecke started her career in education in 1992 as a teacher of translation and interpreting studies at Cluny-ISEIT in Madrid. Later, she taught interpreting at the University of Cordoba. In 2013, she was offered the opportunity to work as an elementary guide in Madrid Montessori. She liked the experience so much that she decided to get Montessori Adolescent training and start this school project. Since 2016 she has been tutoring students from grade 6 to 10 giving general curriculum support and attending special education needs.<\/p><p class=\"font_8 wixui-rich-text__text\">She has more than 20 years of teaching experience in various settings. She will be responsible for the daily management of the school. She holds the North American Montessori Association\/Association Montessori International (NATMA\/AMI) Orientation to Adolescent Studies Certificate, 2014, Gothemburg, Sweden, a Master\u2019s degree in School Direction and Management, 2016, Granada, a Master\u2019s degree in Neuropsychology, Multiple Intelligences, and Mindfulness, 2018, Madrid, and a PhD in Translation Studies, 2008, Malaga University.<\/p>\t\t\t\t\t\t\t\t<\/div>\n\t\t\t\t<\/div>\n\t\t\t\t<\/div>\n\t\t<div class=\"elementor-element elementor-element-65ec3b3c e-con-full e-flex e-con e-child\" data-id=\"65ec3b3c\" data-element_type=\"container\" data-e-type=\"container\">\n\t\t\t\t<div class=\"elementor-element elementor-element-7869c13c elementor-widget elementor-widget-image\" data-id=\"7869c13c\" data-element_type=\"widget\" data-e-type=\"widget\" data-widget_type=\"image.default\">\n\t\t\t\t<div class=\"elementor-widget-container\">\n\t\t\t\t\t\t\t\t\t\t\t\t\t\t\t<img fetchpriority=\"high\" decoding=\"async\" width=\"955\" height=\"1016\" src=\"https:\/\/montessorivillarosita.org\/wp-content\/uploads\/2025\/03\/foto-katrin-vanhecke-directora-montessori-villa-rosita-e1743507827642.jpg\" class=\"attachment-full size-full wp-image-529\" alt=\"\" srcset=\"https:\/\/montessorivillarosita.org\/wp-content\/uploads\/2025\/03\/foto-katrin-vanhecke-directora-montessori-villa-rosita-e1743507827642.jpg 955w, https:\/\/montessorivillarosita.org\/wp-content\/uploads\/2025\/03\/foto-katrin-vanhecke-directora-montessori-villa-rosita-e1743507827642-282x300.jpg 282w, https:\/\/montessorivillarosita.org\/wp-content\/uploads\/2025\/03\/foto-katrin-vanhecke-directora-montessori-villa-rosita-e1743507827642-768x817.jpg 768w, https:\/\/montessorivillarosita.org\/wp-content\/uploads\/2025\/03\/foto-katrin-vanhecke-directora-montessori-villa-rosita-e1743507827642-11x12.jpg 11w\" sizes=\"(max-width: 955px) 100vw, 955px\" \/>\t\t\t\t\t\t\t\t\t\t\t\t\t\t\t<\/div>\n\t\t\t\t<\/div>\n\t\t\t\t<\/div>\n\t\t\t\t\t<\/div>\n\t\t\t\t<\/div>\n\t\t\t\t<section class=\"elementor-section elementor-top-section elementor-element elementor-element-7672642a elementor-section-boxed elementor-section-height-default elementor-section-height-default\" data-id=\"7672642a\" data-element_type=\"section\" data-e-type=\"section\" data-settings=\"{&quot;background_background&quot;:&quot;classic&quot;}\">\n\t\t\t\t\t\t<div class=\"elementor-container elementor-column-gap-default\">\n\t\t\t\t\t<div class=\"elementor-column elementor-col-100 elementor-top-column elementor-element elementor-element-691cdb24\" data-id=\"691cdb24\" data-element_type=\"column\" data-e-type=\"column\">\n\t\t\t<div class=\"elementor-widget-wrap elementor-element-populated\">\n\t\t\t\t\t\t<div class=\"elementor-element elementor-element-3e041c25 elementor-widget elementor-widget-spacer\" data-id=\"3e041c25\" data-element_type=\"widget\" data-e-type=\"widget\" data-widget_type=\"spacer.default\">\n\t\t\t\t<div class=\"elementor-widget-container\">\n\t\t\t\t\t\t\t<div class=\"elementor-spacer\">\n\t\t\t<div class=\"elementor-spacer-inner\"><\/div>\n\t\t<\/div>\n\t\t\t\t\t\t<\/div>\n\t\t\t\t<\/div>\n\t\t\t\t\t<\/div>\n\t\t<\/div>\n\t\t\t\t\t<\/div>\n\t\t<\/section>\n\t\t\t\t<\/div>","protected":false},"excerpt":{"rendered":"<p>SOBRE NOSOTROS La directora Katrin Vanhecke comenz\u00f3 su carrera en educaci\u00f3n en 1992 como profesora de traducci\u00f3n e interpretaci\u00f3n en Cluny-ISEIT en Madrid. Posteriormente, fue profesora de interpretaci\u00f3n en la Universidad de C\u00f3rdoba. En 2013 le ofrecieron la oportunidad de trabajar como gu\u00eda de primaria en Madrid Montessori. Le gust\u00f3 tanto la experiencia que decidi\u00f3 [&hellip;]<\/p>","protected":false},"author":2,"featured_media":0,"parent":0,"menu_order":0,"comment_status":"closed","ping_status":"closed","template":"","meta":{"footnotes":""},"class_list":["post-435","page","type-page","status-publish","hentry"],"_links":{"self":[{"href":"https:\/\/montessorivillarosita.org\/en\/wp-json\/wp\/v2\/pages\/435","targetHints":{"allow":["GET"]}}],"collection":[{"href":"https:\/\/montessorivillarosita.org\/en\/wp-json\/wp\/v2\/pages"}],"about":[{"href":"https:\/\/montessorivillarosita.org\/en\/wp-json\/wp\/v2\/types\/page"}],"author":[{"embeddable":true,"href":"https:\/\/montessorivillarosita.org\/en\/wp-json\/wp\/v2\/users\/2"}],"replies":[{"embeddable":true,"href":"https:\/\/montessorivillarosita.org\/en\/wp-json\/wp\/v2\/comments?post=435"}],"version-history":[{"count":31,"href":"https:\/\/montessorivillarosita.org\/en\/wp-json\/wp\/v2\/pages\/435\/revisions"}],"predecessor-version":[{"id":930,"href":"https:\/\/montessorivillarosita.org\/en\/wp-json\/wp\/v2\/pages\/435\/revisions\/930"}],"wp:attachment":[{"href":"https:\/\/montessorivillarosita.org\/en\/wp-json\/wp\/v2\/media?parent=435"}],"curies":[{"name":"wp","href":"https:\/\/api.w.org\/{rel}","templated":true}]}}