{"id":319,"date":"2025-03-12T16:50:28","date_gmt":"2025-03-12T16:50:28","guid":{"rendered":"https:\/\/montessorivillarosita.org\/?page_id=319"},"modified":"2025-05-05T10:53:31","modified_gmt":"2025-05-05T10:53:31","slug":"diseno-curricular","status":"publish","type":"page","link":"https:\/\/montessorivillarosita.org\/en\/diseno-curricular\/","title":{"rendered":"Educational syllabus"},"content":{"rendered":"<style>.elementor-319 .elementor-element.elementor-element-41dc3220 > .elementor-container{max-width:1290px;}.elementor-319 .elementor-element.elementor-element-41dc3220 > .elementor-container > .elementor-column > .elementor-widget-wrap{align-content:center;align-items:center;}.elementor-319 .elementor-element.elementor-element-41dc3220:not(.elementor-motion-effects-element-type-background), .elementor-319 .elementor-element.elementor-element-41dc3220 > .elementor-motion-effects-container > .elementor-motion-effects-layer{background-image:url(\"https:\/\/montessorivillarosita.org\/wp-content\/uploads\/2025\/03\/Montessori-Villa-Rosita-1_ig.jpg\");background-position:0px 60%;background-repeat:no-repeat;background-size:cover;}.elementor-319 .elementor-element.elementor-element-41dc3220 > .elementor-background-overlay{background-color:#010035;background-image:url(\"https:\/\/montessorivillarosita.org\/wp-content\/uploads\/2025\/03\/Background-arizon.png\");background-position:center center;background-repeat:no-repeat;background-size:contain;opacity:0.5;transition:background 0.3s, border-radius 0.3s, opacity 0.3s;}.elementor-319 .elementor-element.elementor-element-41dc3220{transition:background 0.3s, border 0.3s, border-radius 0.3s, box-shadow 0.3s;margin-top:-150px;margin-bottom:0px;padding:320px 0px 80px 0px;}.elementor-319 .elementor-element.elementor-element-2057f20c > .elementor-element-populated{transition:background 0.3s, border 0.3s, border-radius 0.3s, box-shadow 0.3s;}.elementor-319 .elementor-element.elementor-element-2057f20c > .elementor-element-populated > .elementor-background-overlay{transition:background 0.3s, border-radius 0.3s, opacity 0.3s;}.elementor-319 .elementor-element.elementor-element-2f75c9e1{text-align:start;}.elementor-319 .elementor-element.elementor-element-2f75c9e1 .elementor-heading-title{font-family:\"Cormorant\", Sans-serif;font-size:71px;font-weight:900;text-transform:uppercase;line-height:1em;color:#FFFFFF;}.elementor-319 .elementor-element.elementor-element-2f75c9e1 > .elementor-widget-container{margin:-15px 0px -15px 0px;}.elementor-319 .elementor-element.elementor-element-3312a26{--display:flex;--flex-direction:column;--container-widget-width:100%;--container-widget-height:initial;--container-widget-flex-grow:0;--container-widget-align-self:initial;--flex-wrap-mobile:wrap;}.elementor-319 .elementor-element.elementor-element-1ecfdb8d{--display:flex;--flex-direction:row;--container-widget-width:calc( ( 1 - var( --container-widget-flex-grow ) ) * 100% );--container-widget-height:100%;--container-widget-flex-grow:1;--container-widget-align-self:stretch;--flex-wrap-mobile:wrap;--align-items:center;--flex-wrap:nowrap;--margin-top:25px;--margin-bottom:25px;--margin-left:0px;--margin-right:0px;}.elementor-319 .elementor-element.elementor-element-394e301{font-size:17px;color:var( --e-global-color-text );}.elementor-319 .elementor-element.elementor-element-394e301 > .elementor-widget-container{margin:0px 0px 0px 0px;}.elementor-319 .elementor-element.elementor-element-61b28f5d{--display:flex;--flex-direction:column;--container-widget-width:100%;--container-widget-height:initial;--container-widget-flex-grow:0;--container-widget-align-self:initial;--flex-wrap-mobile:wrap;--padding-top:50px;--padding-bottom:50px;--padding-left:0px;--padding-right:0px;}.elementor-319 .elementor-element.elementor-element-61b28f5d:not(.elementor-motion-effects-element-type-background), .elementor-319 .elementor-element.elementor-element-61b28f5d > .elementor-motion-effects-container > .elementor-motion-effects-layer{background-color:var( --e-global-color-primary );}.elementor-319 .elementor-element.elementor-element-0426b7f{--display:flex;--flex-direction:row;--container-widget-width:calc( ( 1 - var( --container-widget-flex-grow ) ) * 100% );--container-widget-height:100%;--container-widget-flex-grow:1;--container-widget-align-self:stretch;--flex-wrap-mobile:wrap;--align-items:center;--flex-wrap:nowrap;--margin-top:25px;--margin-bottom:0px;--margin-left:0px;--margin-right:0px;}.elementor-319 .elementor-element.elementor-element-fd5862f{--display:flex;}.elementor-319 .elementor-element.elementor-element-682b472{--display:flex;}.elementor-319 .elementor-element.elementor-element-537ee46 .elementor-heading-title{font-size:35px;color:var( --e-global-color-c2f8c2a );}.elementor-319 .elementor-element.elementor-element-696d88a{font-size:17px;line-height:31px;color:var( --e-global-color-c2f8c2a );}.elementor-319 .elementor-element.elementor-element-77e2e95c{--display:flex;--flex-direction:row;--container-widget-width:calc( ( 1 - var( --container-widget-flex-grow ) ) * 100% );--container-widget-height:100%;--container-widget-flex-grow:1;--container-widget-align-self:stretch;--flex-wrap-mobile:wrap;--align-items:center;--flex-wrap:nowrap;--margin-top:25px;--margin-bottom:0px;--margin-left:0px;--margin-right:0px;}.elementor-319 .elementor-element.elementor-element-1c3be02f{--display:flex;}.elementor-319 .elementor-element.elementor-element-47d4aa50 .elementor-heading-title{font-size:35px;color:var( --e-global-color-c2f8c2a );}.elementor-319 .elementor-element.elementor-element-1c152c02{font-size:17px;line-height:31px;color:var( --e-global-color-c2f8c2a );}.elementor-319 .elementor-element.elementor-element-478e15fd{--display:flex;}.elementor-319 .elementor-element.elementor-element-6dc6da72{--display:flex;--flex-direction:row;--container-widget-width:calc( ( 1 - var( --container-widget-flex-grow ) ) * 100% );--container-widget-height:100%;--container-widget-flex-grow:1;--container-widget-align-self:stretch;--flex-wrap-mobile:wrap;--align-items:center;--flex-wrap:nowrap;--margin-top:25px;--margin-bottom:0px;--margin-left:0px;--margin-right:0px;}.elementor-319 .elementor-element.elementor-element-21451fab{--display:flex;}.elementor-319 .elementor-element.elementor-element-17f5832e{--display:flex;}.elementor-319 .elementor-element.elementor-element-1c0d656 .elementor-heading-title{font-size:35px;color:var( --e-global-color-c2f8c2a );}.elementor-319 .elementor-element.elementor-element-25a1a1e3{font-size:17px;line-height:31px;color:var( --e-global-color-c2f8c2a );}:root{--page-title-display:none;}@media(min-width:768px){.elementor-319 .elementor-element.elementor-element-fd5862f{--width:50%;}.elementor-319 .elementor-element.elementor-element-682b472{--width:50%;}.elementor-319 .elementor-element.elementor-element-1c3be02f{--width:50%;}.elementor-319 .elementor-element.elementor-element-478e15fd{--width:50%;}.elementor-319 .elementor-element.elementor-element-21451fab{--width:50%;}.elementor-319 .elementor-element.elementor-element-17f5832e{--width:50%;}}@media(max-width:1024px){.elementor-319 .elementor-element.elementor-element-41dc3220:not(.elementor-motion-effects-element-type-background), .elementor-319 .elementor-element.elementor-element-41dc3220 > .elementor-motion-effects-container > .elementor-motion-effects-layer{background-position:0px 0px;}.elementor-319 .elementor-element.elementor-element-41dc3220{margin-top:-140px;margin-bottom:0px;padding:35% 0% 5% 0%;}.elementor-319 .elementor-element.elementor-element-2057f20c > .elementor-element-populated{margin:0px 10px 0px 10px;--e-column-margin-right:10px;--e-column-margin-left:10px;}.elementor-319 .elementor-element.elementor-element-2f75c9e1 .elementor-heading-title{font-size:80px;}.elementor-319 .elementor-element.elementor-element-0426b7f{--flex-direction:column;--container-widget-width:100%;--container-widget-height:initial;--container-widget-flex-grow:0;--container-widget-align-self:initial;--flex-wrap-mobile:wrap;}.elementor-319 .elementor-element.elementor-element-77e2e95c{--flex-direction:column;--container-widget-width:100%;--container-widget-height:initial;--container-widget-flex-grow:0;--container-widget-align-self:initial;--flex-wrap-mobile:wrap;}.elementor-319 .elementor-element.elementor-element-1c3be02f.e-con{--order:99999 \/* order end hack *\/;}.elementor-319 .elementor-element.elementor-element-6dc6da72{--flex-direction:column;--container-widget-width:100%;--container-widget-height:initial;--container-widget-flex-grow:0;--container-widget-align-self:initial;--flex-wrap-mobile:wrap;}}@media(max-width:767px){.elementor-319 .elementor-element.elementor-element-41dc3220:not(.elementor-motion-effects-element-type-background), .elementor-319 .elementor-element.elementor-element-41dc3220 > .elementor-motion-effects-container > .elementor-motion-effects-layer{background-position:0px 0px;}.elementor-319 .elementor-element.elementor-element-41dc3220{margin-top:-80px;margin-bottom:0px;padding:50% 0% 10% 0%;}.elementor-319 .elementor-element.elementor-element-2057f20c > .elementor-element-populated{margin:0px 5px 0px 5px;--e-column-margin-right:5px;--e-column-margin-left:5px;}.elementor-319 .elementor-element.elementor-element-2f75c9e1{text-align:start;}.elementor-319 .elementor-element.elementor-element-2f75c9e1 .elementor-heading-title{font-size:50px;}}@media(max-width:1024px) and (min-width:768px){.elementor-319 .elementor-element.elementor-element-2057f20c{width:100%;}.elementor-319 .elementor-element.elementor-element-fd5862f{--width:75%;}.elementor-319 .elementor-element.elementor-element-682b472{--width:75%;}.elementor-319 .elementor-element.elementor-element-1c3be02f{--width:75%;}.elementor-319 .elementor-element.elementor-element-478e15fd{--width:75%;}.elementor-319 .elementor-element.elementor-element-21451fab{--width:75%;}.elementor-319 .elementor-element.elementor-element-17f5832e{--width:75%;}}<\/style>\t\t<div data-elementor-type=\"wp-page\" data-elementor-id=\"319\" class=\"elementor elementor-319\" data-elementor-post-type=\"page\">\n\t\t\t\t\t\t<section class=\"elementor-section elementor-top-section elementor-element elementor-element-41dc3220 elementor-section-content-middle elementor-section-boxed elementor-section-height-default elementor-section-height-default\" data-id=\"41dc3220\" data-element_type=\"section\" data-e-type=\"section\" data-settings=\"{&quot;background_background&quot;:&quot;classic&quot;}\">\n\t\t\t\t\t\t\t<div class=\"elementor-background-overlay\"><\/div>\n\t\t\t\t\t\t\t<div class=\"elementor-container elementor-column-gap-default\">\n\t\t\t\t\t<div class=\"elementor-column elementor-col-100 elementor-top-column elementor-element elementor-element-2057f20c\" data-id=\"2057f20c\" data-element_type=\"column\" data-e-type=\"column\" data-settings=\"{&quot;background_background&quot;:&quot;classic&quot;}\">\n\t\t\t<div class=\"elementor-widget-wrap elementor-element-populated\">\n\t\t\t\t\t\t<div class=\"elementor-element elementor-element-2f75c9e1 elementor-widget elementor-widget-heading\" data-id=\"2f75c9e1\" data-element_type=\"widget\" data-e-type=\"widget\" data-widget_type=\"heading.default\">\n\t\t\t\t<div class=\"elementor-widget-container\">\n\t\t\t\t\t<h1 class=\"elementor-heading-title elementor-size-default\">EDUCATIONAL SYLLABUS<\/h1>\t\t\t\t<\/div>\n\t\t\t\t<\/div>\n\t\t\t\t\t<\/div>\n\t\t<\/div>\n\t\t\t\t\t<\/div>\n\t\t<\/section>\n\t\t<div class=\"elementor-element elementor-element-3312a26 e-flex e-con-boxed e-con e-parent\" data-id=\"3312a26\" data-element_type=\"container\" data-e-type=\"container\">\n\t\t\t\t\t<div class=\"e-con-inner\">\n\t\t<div class=\"elementor-element elementor-element-1ecfdb8d e-con-full e-flex e-con e-child\" data-id=\"1ecfdb8d\" data-element_type=\"container\" data-e-type=\"container\">\n\t\t\t\t<div class=\"elementor-element elementor-element-394e301 elementor-widget elementor-widget-text-editor\" data-id=\"394e301\" data-element_type=\"widget\" data-e-type=\"widget\" data-widget_type=\"text-editor.default\">\n\t\t\t\t<div class=\"elementor-widget-container\">\n\t\t\t\t\t\t\t\t\t<p class=\"font_8 wixui-rich-text__text\"><span class=\"wixui-rich-text__text\">The school offers all the elements that are envisaged in the plan of study and work, as designed by Mar\u00eda Montessori in the appendices of her book \"From childhood to Adolescence\" and that form the learning structure of existing Montessori Adolescent Communities in the world.\u00a0<\/span><span class=\"wixui-rich-text__text\"><span class=\"wixGuard wixui-rich-text__text\">\u200b<\/span><\/span><\/p><p class=\"font_8 wixui-rich-text__text\"><span class=\"wixui-rich-text__text\">The educational syllabus of a Montessori school for secondary education covers the general curriculum<\/span><span class=\"wixui-rich-text__text\">of more traditional schools yet its design is more multi-disciplinary and based on three main pillars:<\/span><span class=\"wixui-rich-text__text\"><span class=\"wixGuard wixui-rich-text__text\">\u200b<\/span><\/span><\/p><p class=\"font_8 wixui-rich-text__text\"><strong><span class=\"wixui-rich-text__text\">1.- Opportunities for personal expression through art<\/span><\/strong><\/p><p class=\"font_8 wixui-rich-text__text\"><strong><span class=\"wixui-rich-text__text\">2.- Opportunities for full personal development\u00a0<\/span><\/strong><\/p><p class=\"font_8 wixui-rich-text__text\"><strong><span class=\"wixui-rich-text__text\">3.- Education for participation in adult life<\/span><\/strong><\/p>\t\t\t\t\t\t\t\t<\/div>\n\t\t\t\t<\/div>\n\t\t\t\t<\/div>\n\t\t\t\t\t<\/div>\n\t\t\t\t<\/div>\n\t\t<div class=\"elementor-element elementor-element-61b28f5d e-flex e-con-boxed e-con e-parent\" data-id=\"61b28f5d\" data-element_type=\"container\" data-e-type=\"container\" data-settings=\"{&quot;background_background&quot;:&quot;classic&quot;}\">\n\t\t\t\t\t<div class=\"e-con-inner\">\n\t\t<div class=\"elementor-element elementor-element-0426b7f e-con-full e-flex e-con e-child\" data-id=\"0426b7f\" data-element_type=\"container\" data-e-type=\"container\">\n\t\t<div class=\"elementor-element elementor-element-fd5862f e-con-full e-flex e-con e-child\" data-id=\"fd5862f\" data-element_type=\"container\" data-e-type=\"container\">\n\t\t\t\t<div class=\"elementor-element elementor-element-cfc3dc6 elementor-widget elementor-widget-image\" data-id=\"cfc3dc6\" data-element_type=\"widget\" data-e-type=\"widget\" data-widget_type=\"image.default\">\n\t\t\t\t<div class=\"elementor-widget-container\">\n\t\t\t\t\t\t\t\t\t\t\t\t\t\t\t<img fetchpriority=\"high\" decoding=\"async\" width=\"800\" height=\"553\" src=\"https:\/\/montessorivillarosita.org\/wp-content\/uploads\/2025\/03\/IMG_5172-1024x708.jpg\" class=\"attachment-large size-large wp-image-179\" alt=\"\" srcset=\"https:\/\/montessorivillarosita.org\/wp-content\/uploads\/2025\/03\/IMG_5172-1024x708.jpg 1024w, https:\/\/montessorivillarosita.org\/wp-content\/uploads\/2025\/03\/IMG_5172-300x207.jpg 300w, https:\/\/montessorivillarosita.org\/wp-content\/uploads\/2025\/03\/IMG_5172-768x531.jpg 768w, https:\/\/montessorivillarosita.org\/wp-content\/uploads\/2025\/03\/IMG_5172-1536x1062.jpg 1536w, https:\/\/montessorivillarosita.org\/wp-content\/uploads\/2025\/03\/IMG_5172.jpg 1719w\" sizes=\"(max-width: 800px) 100vw, 800px\" \/>\t\t\t\t\t\t\t\t\t\t\t\t\t\t\t<\/div>\n\t\t\t\t<\/div>\n\t\t\t\t<\/div>\n\t\t<div class=\"elementor-element elementor-element-682b472 e-con-full e-flex e-con e-child\" data-id=\"682b472\" data-element_type=\"container\" data-e-type=\"container\">\n\t\t\t\t<div class=\"elementor-element elementor-element-537ee46 elementor-widget elementor-widget-heading\" data-id=\"537ee46\" data-element_type=\"widget\" data-e-type=\"widget\" data-widget_type=\"heading.default\">\n\t\t\t\t<div class=\"elementor-widget-container\">\n\t\t\t\t\t<h2 class=\"elementor-heading-title elementor-size-default\">1 - Self expression<\/h2>\t\t\t\t<\/div>\n\t\t\t\t<\/div>\n\t\t\t\t<div class=\"elementor-element elementor-element-696d88a elementor-widget elementor-widget-text-editor\" data-id=\"696d88a\" data-element_type=\"widget\" data-e-type=\"widget\" data-widget_type=\"text-editor.default\">\n\t\t\t\t<div class=\"elementor-widget-container\">\n\t\t\t\t\t\t\t\t\t<p class=\"font_9 wixui-rich-text__text\">Personal expression is a fundamental part of every human being and includes oral, written, as well as artistic expression.\n\nArt activates many areas of our brain, some have to do with creativity, talent and expression, but also with the illusion and perception of a sense of uniqueness.\n\nArt, music, and language as self-expression help us to understand one another better.<\/p>\t\t\t\t\t\t\t\t<\/div>\n\t\t\t\t<\/div>\n\t\t\t\t<\/div>\n\t\t\t\t<\/div>\n\t\t<div class=\"elementor-element elementor-element-77e2e95c e-con-full e-flex e-con e-child\" data-id=\"77e2e95c\" data-element_type=\"container\" data-e-type=\"container\" data-settings=\"{&quot;background_background&quot;:&quot;classic&quot;}\">\n\t\t<div class=\"elementor-element elementor-element-1c3be02f e-con-full e-flex e-con e-child\" data-id=\"1c3be02f\" data-element_type=\"container\" data-e-type=\"container\">\n\t\t\t\t<div class=\"elementor-element elementor-element-47d4aa50 elementor-widget elementor-widget-heading\" data-id=\"47d4aa50\" data-element_type=\"widget\" data-e-type=\"widget\" data-widget_type=\"heading.default\">\n\t\t\t\t<div class=\"elementor-widget-container\">\n\t\t\t\t\t<h2 class=\"elementor-heading-title elementor-size-default\">2 - Psychic development<\/h2>\t\t\t\t<\/div>\n\t\t\t\t<\/div>\n\t\t\t\t<div class=\"elementor-element elementor-element-1c152c02 elementor-widget elementor-widget-text-editor\" data-id=\"1c152c02\" data-element_type=\"widget\" data-e-type=\"widget\" data-widget_type=\"text-editor.default\">\n\t\t\t\t<div class=\"elementor-widget-container\">\n\t\t\t\t\t\t\t\t\t<p class=\"font_9 wixui-rich-text__text\"><span class=\"wixui-rich-text__text\">Ethics, mathematics and language are the disciplines that form the mind, they are there to develop the intellect, the reasoning power and the ability for self-expression.<\/span><\/p><p class=\"font_9 wixui-rich-text__text\"><span class=\"wixui-rich-text__text\">With the moral education and the developed intelligence in language and mathematical thinking the adolescents can receive the knowledge of their time and place in history and take up their task and move forward toward a better world.<\/span><\/p>\t\t\t\t\t\t\t\t<\/div>\n\t\t\t\t<\/div>\n\t\t\t\t<\/div>\n\t\t<div class=\"elementor-element elementor-element-478e15fd e-con-full e-flex e-con e-child\" data-id=\"478e15fd\" data-element_type=\"container\" data-e-type=\"container\">\n\t\t\t\t<div class=\"elementor-element elementor-element-afc75f5 elementor-widget elementor-widget-image\" data-id=\"afc75f5\" data-element_type=\"widget\" data-e-type=\"widget\" data-widget_type=\"image.default\">\n\t\t\t\t<div class=\"elementor-widget-container\">\n\t\t\t\t\t\t\t\t\t\t\t\t\t\t\t<img decoding=\"async\" width=\"800\" height=\"450\" src=\"https:\/\/montessorivillarosita.org\/wp-content\/uploads\/2025\/03\/WhatsApp-Image-2022-11-22-at-17.36.08-1024x576.jpeg\" class=\"attachment-large size-large wp-image-198\" alt=\"\" srcset=\"https:\/\/montessorivillarosita.org\/wp-content\/uploads\/2025\/03\/WhatsApp-Image-2022-11-22-at-17.36.08-1024x576.jpeg 1024w, https:\/\/montessorivillarosita.org\/wp-content\/uploads\/2025\/03\/WhatsApp-Image-2022-11-22-at-17.36.08-300x169.jpeg 300w, https:\/\/montessorivillarosita.org\/wp-content\/uploads\/2025\/03\/WhatsApp-Image-2022-11-22-at-17.36.08-768x432.jpeg 768w, https:\/\/montessorivillarosita.org\/wp-content\/uploads\/2025\/03\/WhatsApp-Image-2022-11-22-at-17.36.08-1536x864.jpeg 1536w, https:\/\/montessorivillarosita.org\/wp-content\/uploads\/2025\/03\/WhatsApp-Image-2022-11-22-at-17.36.08.jpeg 1920w\" sizes=\"(max-width: 800px) 100vw, 800px\" \/>\t\t\t\t\t\t\t\t\t\t\t\t\t\t\t<\/div>\n\t\t\t\t<\/div>\n\t\t\t\t<\/div>\n\t\t\t\t<\/div>\n\t\t<div class=\"elementor-element elementor-element-6dc6da72 e-con-full e-flex e-con e-child\" data-id=\"6dc6da72\" data-element_type=\"container\" data-e-type=\"container\">\n\t\t<div class=\"elementor-element elementor-element-21451fab e-con-full e-flex e-con e-child\" data-id=\"21451fab\" data-element_type=\"container\" data-e-type=\"container\">\n\t\t\t\t<div class=\"elementor-element elementor-element-194a3b30 elementor-widget elementor-widget-image\" data-id=\"194a3b30\" data-element_type=\"widget\" data-e-type=\"widget\" data-widget_type=\"image.default\">\n\t\t\t\t<div class=\"elementor-widget-container\">\n\t\t\t\t\t\t\t\t\t\t\t\t\t\t\t<img decoding=\"async\" width=\"800\" height=\"600\" src=\"https:\/\/montessorivillarosita.org\/wp-content\/uploads\/2025\/03\/IMG_0715-1024x768.jpg\" class=\"attachment-large size-large wp-image-176\" alt=\"\" srcset=\"https:\/\/montessorivillarosita.org\/wp-content\/uploads\/2025\/03\/IMG_0715-1024x768.jpg 1024w, https:\/\/montessorivillarosita.org\/wp-content\/uploads\/2025\/03\/IMG_0715-300x225.jpg 300w, https:\/\/montessorivillarosita.org\/wp-content\/uploads\/2025\/03\/IMG_0715-768x576.jpg 768w, https:\/\/montessorivillarosita.org\/wp-content\/uploads\/2025\/03\/IMG_0715-1536x1152.jpg 1536w, https:\/\/montessorivillarosita.org\/wp-content\/uploads\/2025\/03\/IMG_0715-2048x1536.jpg 2048w\" sizes=\"(max-width: 800px) 100vw, 800px\" \/>\t\t\t\t\t\t\t\t\t\t\t\t\t\t\t<\/div>\n\t\t\t\t<\/div>\n\t\t\t\t<\/div>\n\t\t<div class=\"elementor-element elementor-element-17f5832e e-con-full e-flex e-con e-child\" data-id=\"17f5832e\" data-element_type=\"container\" data-e-type=\"container\">\n\t\t\t\t<div class=\"elementor-element elementor-element-1c0d656 elementor-widget elementor-widget-heading\" data-id=\"1c0d656\" data-element_type=\"widget\" data-e-type=\"widget\" data-widget_type=\"heading.default\">\n\t\t\t\t<div class=\"elementor-widget-container\">\n\t\t\t\t\t<h2 class=\"elementor-heading-title elementor-size-default\">3 - Preparation for adult life<\/h2>\t\t\t\t<\/div>\n\t\t\t\t<\/div>\n\t\t\t\t<div class=\"elementor-element elementor-element-25a1a1e3 elementor-widget elementor-widget-text-editor\" data-id=\"25a1a1e3\" data-element_type=\"widget\" data-e-type=\"widget\" data-widget_type=\"text-editor.default\">\n\t\t\t\t<div class=\"elementor-widget-container\">\n\t\t\t\t\t\t\t\t\t<p class=\"font_9 wixui-rich-text__text\">The third pillar of curricular design is the general education that will allow the human personality to freely develop, cultivate the intelligences, and make students become conscious of their reality and aware of their role in society. The main goal is to connect the past with the present, and by implication, move into the future. \n\nIt offers a way that moves us forward to a goal of individual development and human solidarity that shapes our thinking toward realizing a positive future for all.<\/p>\t\t\t\t\t\t\t\t<\/div>\n\t\t\t\t<\/div>\n\t\t\t\t<\/div>\n\t\t\t\t<\/div>\n\t\t\t\t\t<\/div>\n\t\t\t\t<\/div>\n\t\t\t\t<\/div>","protected":false},"excerpt":{"rendered":"<p>DISE\u00d1O CURRICULAR La escuela ofrece todos los elementos del plan de trabajo y estudio dise\u00f1ado por Maria Montessori y publicados en los ap\u00e9ndices de su libro \u00abFrom childhood to Adolescence\u00bb. Es la estructura que siguen tambi\u00e9n otras comunidades de adolescentes en el mundo.\u00a0\u200b Aunque las materias y el contenido del plan de estudios son las [&hellip;]<\/p>","protected":false},"author":2,"featured_media":0,"parent":0,"menu_order":0,"comment_status":"closed","ping_status":"closed","template":"","meta":{"footnotes":""},"class_list":["post-319","page","type-page","status-publish","hentry"],"_links":{"self":[{"href":"https:\/\/montessorivillarosita.org\/en\/wp-json\/wp\/v2\/pages\/319","targetHints":{"allow":["GET"]}}],"collection":[{"href":"https:\/\/montessorivillarosita.org\/en\/wp-json\/wp\/v2\/pages"}],"about":[{"href":"https:\/\/montessorivillarosita.org\/en\/wp-json\/wp\/v2\/types\/page"}],"author":[{"embeddable":true,"href":"https:\/\/montessorivillarosita.org\/en\/wp-json\/wp\/v2\/users\/2"}],"replies":[{"embeddable":true,"href":"https:\/\/montessorivillarosita.org\/en\/wp-json\/wp\/v2\/comments?post=319"}],"version-history":[{"count":28,"href":"https:\/\/montessorivillarosita.org\/en\/wp-json\/wp\/v2\/pages\/319\/revisions"}],"predecessor-version":[{"id":927,"href":"https:\/\/montessorivillarosita.org\/en\/wp-json\/wp\/v2\/pages\/319\/revisions\/927"}],"wp:attachment":[{"href":"https:\/\/montessorivillarosita.org\/en\/wp-json\/wp\/v2\/media?parent=319"}],"curies":[{"name":"wp","href":"https:\/\/api.w.org\/{rel}","templated":true}]}}